{"id":2681,"date":"2022-01-13T19:49:52","date_gmt":"2022-01-13T18:49:52","guid":{"rendered":"http:\/\/peba.centre-kalachakra.com\/?page_id=2681"},"modified":"2022-12-14T18:48:52","modified_gmt":"2022-12-14T17:48:52","slug":"vous-etes-nouveau","status":"publish","type":"page","link":"https:\/\/peba.centre-kalachakra.com\/?page_id=2681","title":{"rendered":"Vous \u00eates nouveau ?"},"content":{"rendered":"<p>Cher (futur) \u00e9tudiant ou auditeur, veuillez prendre connaissance des informations concernant le statut auditeur \/ \u00e9tudiant et le livret de l&rsquo;\u00e9tudiant.<\/p>\n<h3 style=\"text-align: center;\"><strong>1 &#8211; Le statut \u00e9tudiant \/ auditeur<\/strong><\/h3>\n<p>Nous vous prions de prendre connaissance de quatre documents, puis de nous indiquer apr\u00e8s r\u00e9flexion votre choix de statut : <strong>auditeur<\/strong> ou <strong>\u00e9tudiant<\/strong>.<\/p>\n<ul>\n<li>Un auditeur n&rsquo;a pas d&rsquo;engagement de pratique et a acc\u00e8s \u00e0 un nombre limit\u00e9 de ressources.<\/li>\n<li>Un \u00e9tudiant traditionnel s&rsquo;engage dans une participation active au programme, notamment par son engagement de pr\u00e9sence \u00e0 au moins 70% des sessions sur place ou sur zoom. Il a acc\u00e8s \u00e0 une \u00e9valuation r\u00e9guli\u00e8re, et peut demander en fin de cycle la validation du programme.<\/li>\n<li>Un statut alternatif d&rsquo;\u00e9tudiant existe, sans engagement de pr\u00e9sence mais avec les autres engagements d\u00e9volus \u00e0 l&rsquo;\u00e9tudiant.<\/li>\n<\/ul>\n<p>&nbsp;<\/p>\n<p>Un \u00e9tudiant ne s&rsquo;engage que pour un seul module, g\u00e9n\u00e9ralement d&rsquo;une dur\u00e9e de 6 mois. N\u00e9anmoins, le premier et le deuxi\u00e8me modules durent un an.<\/p>\n<p>Pour vous aider \u00e0 faire votre choix, nous vous remercions de prendre connaissance dans l&rsquo;onglet Divers :<\/p>\n<ul>\n<li>de la page d&rsquo;information \u00e0 propos des statuts \u00e9tudiant\/auditeur ;<\/li>\n<li>de la page d&rsquo;information concernant le code de conduite et de pratique du PEBA ;<\/li>\n<li>du formulaire d&rsquo;\u00e9tudiant traditionnel.<\/li>\n<li>du formulaire d&rsquo;\u00e9tudiant alternatif.<\/li>\n<\/ul>\n<p>Si vous d\u00e9sirez avoir le statut d&rsquo;\u00e9tudiant pour le module en cours, nous vous invitons \u00e0 signer le formulaire d&rsquo;engagement de pratique, en le transmettant \u00e0 Franck, en pr\u00e9sentiel ou par e-mail (<a href=\"mailto:franck@centre-kalachakra.net\">franck@centre-kalachakra.net<\/a>).<\/p>\n<h3 style=\"text-align: center;\"><strong>2 &#8211; Le livret de l&rsquo;\u00e9tudiant<\/strong><\/h3>\n<p>\u00c9tudiants en pr\u00e9sentiel, le \u00ab\u00a0<strong>livret de l&rsquo;\u00e9tudiant<\/strong>\u00a0\u00bb vous est offert par le Centre Kalachakra lors de votre premi\u00e8re venue. C&rsquo;est un outil qui vous est personnel, et il vous est demand\u00e9 de l&rsquo;apporter <strong>\u00e0 chaque session<\/strong> du samedi et du dimanche, et d&rsquo;en prendre grand soin. En particulier, comme tous les livres sacr\u00e9s, il est demand\u00e9 :<\/p>\n<ul>\n<li>de ne pas le poser par terre ;<\/li>\n<li>de ne rien poser dessus.<\/li>\n<\/ul>\n<p>\u00c9tudiants en ligne, le livret de l&rsquo;\u00e9tudiant est disponible en version pdf dans l&rsquo;onglet Divers ; il vous sera demand\u00e9 de l&rsquo;ouvrir \u00e0 chaque session en ligne.<\/p>\n","protected":false},"excerpt":{"rendered":"<p>Cher (futur) \u00e9tudiant ou auditeur, veuillez prendre connaissance des informations concernant le statut auditeur \/ \u00e9tudiant et le livret de l&rsquo;\u00e9tudiant. 1 &#8211; Le statut \u00e9tudiant \/ auditeur Nous vous prions de prendre connaissance de quatre documents, puis de nous indiquer apr\u00e8s r\u00e9flexion votre choix de statut : auditeur ou \u00e9tudiant. Un auditeur n&rsquo;a pas [&hellip;]<\/p>\n","protected":false},"author":5,"featured_media":0,"parent":0,"menu_order":1,"comment_status":"closed","ping_status":"closed","template":"","meta":{"footnotes":""},"_links":{"self":[{"href":"https:\/\/peba.centre-kalachakra.com\/index.php?rest_route=\/wp\/v2\/pages\/2681"}],"collection":[{"href":"https:\/\/peba.centre-kalachakra.com\/index.php?rest_route=\/wp\/v2\/pages"}],"about":[{"href":"https:\/\/peba.centre-kalachakra.com\/index.php?rest_route=\/wp\/v2\/types\/page"}],"author":[{"embeddable":true,"href":"https:\/\/peba.centre-kalachakra.com\/index.php?rest_route=\/wp\/v2\/users\/5"}],"replies":[{"embeddable":true,"href":"https:\/\/peba.centre-kalachakra.com\/index.php?rest_route=%2Fwp%2Fv2%2Fcomments&post=2681"}],"version-history":[{"count":12,"href":"https:\/\/peba.centre-kalachakra.com\/index.php?rest_route=\/wp\/v2\/pages\/2681\/revisions"}],"predecessor-version":[{"id":2916,"href":"https:\/\/peba.centre-kalachakra.com\/index.php?rest_route=\/wp\/v2\/pages\/2681\/revisions\/2916"}],"wp:attachment":[{"href":"https:\/\/peba.centre-kalachakra.com\/index.php?rest_route=%2Fwp%2Fv2%2Fmedia&parent=2681"}],"curies":[{"name":"wp","href":"https:\/\/api.w.org\/{rel}","templated":true}]}}