{"id":314,"date":"2012-11-12T17:41:37","date_gmt":"2012-11-12T16:41:37","guid":{"rendered":"http:\/\/peba.centre-kalachakra.com\/?page_id=314"},"modified":"2024-07-30T08:38:57","modified_gmt":"2024-07-30T06:38:57","slug":"1_presentation","status":"publish","type":"page","link":"https:\/\/peba.centre-kalachakra.com\/?page_id=314","title":{"rendered":"Pr\u00e9sentation"},"content":{"rendered":"<h2>Pr\u00e9sentation du PEBA<\/h2>\n<p style=\"text-align: left;\">Le Programme d\u2019Etudes Bouddhiques Approfondi (P\u00e9ba), programme d\u2019\u00e9tude sur 5 ans, est une occasion unique d\u2019approfondir la th\u00e9orie comme la pratique du bouddhisme tib\u00e9tain pour ceux qui souhaitent en \u00e9tudier <span style=\"color: #000080;\">les textes racine<\/span> avec des m\u00e9thodes de travail occidentales. Le but essentiel du P\u00e9ba est d\u2019encourager les \u00e9tudiants \u00e0 d\u00e9velopper la pratique de <span style=\"color: #000080;\">la transformation altruiste de leur esprit<\/span>. Ce programme est destin\u00e9 aux \u00e9tudiants qui d\u00e9sirent progresser au-del\u00e0 des cours d\u2019introduction (<em>D\u00e9couverte du Bouddhisme<\/em>) et <span style=\"color: #000080;\">sont pr\u00eats \u00e0 s\u2019engager<\/span> dans une \u00e9tude et une pratique plus approfondies, englobant l\u2019ensemble de la tradition bouddhique tib\u00e9taine de Lama Tsongkhapa.<\/p>\n<p style=\"text-align: left;\">Le P\u00e9ba a \u00e9t\u00e9 con\u00e7u par Lama Zopa Rinpoch\u00e9 dans le but d\u2019aider les \u00e9tudiants \u00e0 am\u00e9liorer leur pratique spirituelle et d\u00e9velopper leurs qualit\u00e9s int\u00e9rieures, gr\u00e2ce \u00e0 une meilleure int\u00e9gration du dharma dans leur vie quotidienne. Le P\u00e9ba est compos\u00e9 de 12 modules (cf. ci-dessous) qui seront enseign\u00e9s \u00e0 raison d\u2019un week-end par mois. Afin que l\u2019\u00e9tude et la compr\u00e9hension des sujets \u00e9tudi\u00e9s soient utiles dans la vie de tous les jours, une approche \u00e9quilibrant enseignements, groupes de discussion, m\u00e9ditations guid\u00e9es, travail \u00e0 la maison et retraites sera privil\u00e9gi\u00e9e.<\/p>\n<p style=\"text-align: left;\">A la fin du PEBA, <span style=\"color: #000080;\">un certificat de fin d\u2019\u00e9tudes<\/span>, donnant la possibilit\u00e9 d\u2019enseigner les sujets du Programme, sera d\u00e9livr\u00e9 par la FPMT. Afin de l\u2019obtenir, les \u00e9tudiants devront avoir valid\u00e9 l\u2019ensemble des modules, pass\u00e9 avec succ\u00e8s une \u00e9valuation finale, et effectu\u00e9 3 mois de retraite lamrim. De plus, le P\u00e9ba s\u2019inscrivant dans une dimension \u00e9thique, Lama Zopa Rinpoch\u00e9 encourage les \u00e9tudiants \u00e0 respecter <span style=\"color: #000080;\">les 5 pr\u00e9ceptes la\u00efques<\/span> (ne pas tuer, voler, mentir, commettre d\u2019inconduite sexuelle, ni prendre d\u2019intoxicants). Rinpoch\u00e9 a de plus demand\u00e9 \u00e0 ce que les \u00e9tudiants, autant que possible, prennent conscience de leurs \u00e9tats d\u2019esprits positifs ou n\u00e9gatifs, d\u00e9veloppent la pratique de la patience, et mettent la motivation de bodhicitta en pratique.<\/p>\n<p style=\"text-align: left;\">Notez n\u00e9anmoins que, chaque module \u00e9tant ind\u00e9pendant, il n\u2019est pas n\u00e9cessaire, pour suivre un module, de s\u2019engager sur l\u2019ensemble du P\u00e9ba. Cependant, certains modules du P\u00e9ba pouvant \u00eatre assez ardus, une orientation vers\u00a0<em>D\u00e9couverte du bouddhisme<\/em>\u00a0sera peut \u00eatre \u00e0 privil\u00e9gier en fonction de votre niveau.<\/p>\n<h2 style=\"text-align: justify;\">Les sujets du PEBA<\/h2>\n<p style=\"text-align: justify;\">1. Les \u00e9tapes de la voie &#8211; Lamrim interm\u00e9diaire<\/p>\n<p style=\"text-align: justify;\">2. Esprit et cognition<\/p>\n<p style=\"text-align: justify;\">3. S\u2019engager dans les activit\u00e9s des bodhisattvas &#8211;<\/p>\n<p style=\"text-align: justify;\">4. Les vues philosophiques selon les 4 \u00e9coles<\/p>\n<p style=\"text-align: justify;\">5. L\u2019entra\u00eenement de l\u2019esprit dans le Mahayana &#8211;\u00a0<em>La roue aux lames ac\u00e9r\u00e9es<br \/>\n<\/em><\/p>\n<p style=\"text-align: justify;\">6. Le soutra du c\u0153ur<\/p>\n<p style=\"text-align: justify;\">7. L\u2019Essence de Tathagata<em><br \/>\n<\/em><\/p>\n<p style=\"text-align: justify;\">8. Terres et voies tantriques<\/p>\n<p style=\"text-align: justify;\">9.\u00a0L\u2019ornement des r\u00e9alisations claires &#8211; quatri\u00e8me chapitre<\/p>\n<p>Sujets optionnels :<\/p>\n<p style=\"text-align: justify;\">10. Les 70 sujets<\/p>\n<p style=\"text-align: justify;\">11. La pr\u00e9sentation des trois corps de base &#8211; la mort, l\u2019\u00e9tat interm\u00e9diaire et la renaissance<\/p>\n<p style=\"text-align: justify;\">12. Commentaire d\u2019une pratique de tantra sup\u00e9rieur<\/p>\n<p>&nbsp;<\/p>\n<p style=\"text-align: left;\">Les \u00e9valuations sont\u00a0 envoy\u00e9es aux \u00e9tudiants ayant particip\u00e9 et <span style=\"color: #000080;\">ayant \u00e9t\u00e9 pr\u00e9sent<\/span>s \u00e0 au moins 70 % des enseignements, m\u00e9ditations et discussions du Module\u00a0 et <span style=\"color: #000080;\">qui ont effectu\u00e9<\/span> le travail et les m\u00e9ditations \u00e0 la maison. Il convient de n\u2019ouvrir le fichier qu\u2019au moment de faire l\u2019\u00e9valuation. Elle sera \u00e0 faire en 2 heures et \u00e0 renvoyer avant une date butoir,\u00a0 \u00e0 minuit.<\/p>\n<p style=\"text-align: left;\">Bonne \u00e9tude, bonne motivation et beaucoup d\u2019amour<\/p>\n<h2 style=\"text-align: justify;\"><strong>Conseils de Rinpoch\u00e9<\/strong><\/h2>\n<p style=\"text-align: justify;\"><a href=\"http:\/\/peba.centre-kalachakra.com\/wp-content\/uploads\/2013\/06\/IMG_1100.jpg\"><img loading=\"lazy\" decoding=\"async\" class=\"alignleft size-full wp-image-604\" title=\"IMG_1100\" src=\"http:\/\/peba.centre-kalachakra.com\/wp-content\/uploads\/2013\/06\/IMG_1100.jpg\" alt=\"\" width=\"250\" height=\"375\" srcset=\"https:\/\/peba.centre-kalachakra.com\/wp-content\/uploads\/2013\/06\/IMG_1100.jpg 250w, https:\/\/peba.centre-kalachakra.com\/wp-content\/uploads\/2013\/06\/IMG_1100-200x300.jpg 200w\" sizes=\"(max-width: 250px) 100vw, 250px\" \/><\/a><\/p>\n<p style=\"text-align: left;\">Lama Zopa Rinpoch\u00e9 a \u00e9crit aux \u00e9tudiants du PEBA de l\u2019Institut Lama Tsong Khapa en Italie qui viennent juste de terminer<span style=\"color: #000080;\"> une retraite de lamrim de trois mois<\/span>. Dans cette lettre Rinpoch\u00e9 nous encourage fortement \u00e0 mettre en pratique ce que nous avons \u00e9tudi\u00e9, nous explique comment cela permet de confirmer les enseignements du Bouddha et constitue la meilleure offrande pour nous-m\u00eames, pour les \u00eatres et pour la paix dans le monde.<\/p>\n<p style=\"text-align: justify;\">Pour lire cette lettre, merci de cliquer ici :<\/p>\n<p style=\"text-align: justify;\"><a href=\"https:\/\/www.dropbox.com\/s\/2ers53mlq6ktpeg\/PEBA_Conseil_de_LZR_retrILTK07.pdf?dl=0\" target=\"_blank\" rel=\"noopener\"><span style=\"color: #0000ff;\">Conseils de Lama Zopa Rinpoch\u00e9 pour le PEBA<\/span><\/a><\/p>\n<p>&nbsp;<\/p>\n","protected":false},"excerpt":{"rendered":"<p>Pr\u00e9sentation du PEBA Le Programme d\u2019Etudes Bouddhiques Approfondi (P\u00e9ba), programme d\u2019\u00e9tude sur 5 ans, est une occasion unique d\u2019approfondir la th\u00e9orie comme la pratique du bouddhisme tib\u00e9tain pour ceux qui souhaitent en \u00e9tudier les textes racine avec des m\u00e9thodes de travail occidentales. Le but essentiel du P\u00e9ba est d\u2019encourager les \u00e9tudiants \u00e0 d\u00e9velopper la pratique [&hellip;]<\/p>\n","protected":false},"author":1,"featured_media":0,"parent":0,"menu_order":1,"comment_status":"closed","ping_status":"closed","template":"","meta":{"footnotes":""},"_links":{"self":[{"href":"https:\/\/peba.centre-kalachakra.com\/index.php?rest_route=\/wp\/v2\/pages\/314"}],"collection":[{"href":"https:\/\/peba.centre-kalachakra.com\/index.php?rest_route=\/wp\/v2\/pages"}],"about":[{"href":"https:\/\/peba.centre-kalachakra.com\/index.php?rest_route=\/wp\/v2\/types\/page"}],"author":[{"embeddable":true,"href":"https:\/\/peba.centre-kalachakra.com\/index.php?rest_route=\/wp\/v2\/users\/1"}],"replies":[{"embeddable":true,"href":"https:\/\/peba.centre-kalachakra.com\/index.php?rest_route=%2Fwp%2Fv2%2Fcomments&post=314"}],"version-history":[{"count":38,"href":"https:\/\/peba.centre-kalachakra.com\/index.php?rest_route=\/wp\/v2\/pages\/314\/revisions"}],"predecessor-version":[{"id":3134,"href":"https:\/\/peba.centre-kalachakra.com\/index.php?rest_route=\/wp\/v2\/pages\/314\/revisions\/3134"}],"wp:attachment":[{"href":"https:\/\/peba.centre-kalachakra.com\/index.php?rest_route=%2Fwp%2Fv2%2Fmedia&parent=314"}],"curies":[{"name":"wp","href":"https:\/\/api.w.org\/{rel}","templated":true}]}}