{"id":3253,"date":"2025-10-25T17:31:29","date_gmt":"2025-10-25T15:31:29","guid":{"rendered":"https:\/\/peba.centre-kalachakra.com\/?page_id=3253"},"modified":"2026-02-21T10:00:22","modified_gmt":"2026-02-21T09:00:22","slug":"module-7-lessence-du-tathagatha","status":"publish","type":"page","link":"https:\/\/peba.centre-kalachakra.com\/?page_id=3253","title":{"rendered":"Module 7-L&rsquo;essence du Tathagatha"},"content":{"rendered":"<h4><span style=\"color: #800000;\">Septembre 2025<\/span><\/h4>\n<p><a href=\"https:\/\/www.dropbox.com\/scl\/fi\/ws4h6kmy3rys45jb2qppd\/resume_1-peba-module7_-nature-de-bouddha.docx?rlkey=uye50tkwcpqu5qucusyq9kjyx&amp;st=d8uxdq1g&amp;dl=0\" target=\"_blank\" rel=\"noopener\">R\u00e9sum\u00e9_naturedeBouddha_we1<\/a><\/p>\n<p><a href=\"https:\/\/www.dropbox.com\/scl\/fi\/ancct5ilb2rhrr045ly5e\/Q_deR_nature_de_bouddha_we1.docx?rlkey=akaiga61cwymy4kxtovrq34r6&amp;st=bo5tg0de&amp;dl=0\" target=\"_blank\" rel=\"noopener\">QdeR_ naturedeBouddha_we1<\/a><\/p>\n<p>&nbsp;<\/p>\n<h4><span style=\"color: #800000;\">Octobre 2025<\/span><\/h4>\n<p><a href=\"https:\/\/www.dropbox.com\/scl\/fi\/ggj3u12xwt4zkkhqpy96v\/Resume-PEBA-Tatagatha-25-oct.pdf?rlkey=62jqa81sajsvjgaydyozc6kkk&amp;st=4e7elaf7&amp;dl=0\">R\u00e9sum\u00e9<\/a><\/p>\n<p><a href=\"https:\/\/www.dropbox.com\/scl\/fi\/p0iadgrnpsj2ioch076im\/Q_de_R_nature_de_bouddha-octobre.pdf?rlkey=hmmh269d74uk1zjk32iflezpq&amp;st=1krg6a9z&amp;dl=0\">QdeR<\/a><\/p>\n<p>&nbsp;<\/p>\n<h4><span style=\"color: #800000;\">Novembre 2025<\/span><\/h4>\n<p><a href=\"https:\/\/www.dropbox.com\/scl\/fi\/5jx9k1z74s9crfwhfqilw\/R-sum-Peba-novembre-2025.pdf?rlkey=qpwp40x8gn9w6xjj0axwms7xh&amp;st=4767j5r9&amp;dl=0\">R\u00e9sum\u00e9<\/a><\/p>\n<p><a href=\"https:\/\/www.dropbox.com\/scl\/fi\/il33x3b70o3i0m78nwo0h\/Q_deR_nature_de_bouddha-novembre.pdf?rlkey=gb3z2c25x8d9u5j5woeg60nw3&amp;st=6gsvs3e6&amp;dl=0\">QdeR<\/a><\/p>\n<p>&nbsp;<\/p>\n<h4><span style=\"color: #993366;\">D\u00e9cembre 2025<\/span><\/h4>\n<p><a href=\"https:\/\/www.dropbox.com\/scl\/fi\/tcijz0r58r230l6umk7p3\/Resume-d-cembre.pdf?rlkey=8didkcbykcowaja5fkslq82ol&amp;st=5wdfs3fm&amp;dl=0\" target=\"_blank\" rel=\"noopener\">R\u00e9sum\u00e9 de d\u00e9cembre<\/a><\/p>\n<p><a href=\"https:\/\/www.dropbox.com\/scl\/fi\/c47rmwpk5zk8h2ad86nfb\/Q_deR_nature_de_bouddha_we4.pdf?rlkey=c6xpblij02vguobnyqc63ptyh&amp;st=wos58tdm&amp;dl=0\" target=\"_blank\" rel=\"noopener\">QdeR de d\u00e9cembre<\/a><\/p>\n<p>&nbsp;<\/p>\n<h4><span style=\"color: #993366;\">Janvier 2026<\/span><\/h4>\n<p><a href=\"https:\/\/www.dropbox.com\/scl\/fi\/kc84wolpmvp63jpbo6ydk\/r-sum-janvier.pdf?rlkey=cd0cc2ulokzvff6105s1r5axt&amp;st=4dei4qpw&amp;dl=0\" target=\"_blank\" rel=\"noopener\">R\u00e9sum\u00e9<\/a><\/p>\n<p><a href=\"https:\/\/www.dropbox.com\/scl\/fi\/c5o8ppqt36nlty7pr04uo\/Q_deR_nature_de_bouddha_we5.pdf?rlkey=4v7cng74jse3fem0wiqkax8y4&amp;st=kmgznpjk&amp;dl=0\">QdeR<\/a><\/p>\n","protected":false},"excerpt":{"rendered":"<p>Septembre 2025 R\u00e9sum\u00e9_naturedeBouddha_we1 QdeR_ naturedeBouddha_we1 &nbsp; Octobre 2025 R\u00e9sum\u00e9 QdeR &nbsp; Novembre 2025 R\u00e9sum\u00e9 QdeR &nbsp; D\u00e9cembre 2025 R\u00e9sum\u00e9 de d\u00e9cembre QdeR de d\u00e9cembre &nbsp; Janvier 2026 R\u00e9sum\u00e9 QdeR<\/p>\n","protected":false},"author":5,"featured_media":0,"parent":2614,"menu_order":7,"comment_status":"closed","ping_status":"closed","template":"","meta":{"footnotes":""},"_links":{"self":[{"href":"https:\/\/peba.centre-kalachakra.com\/index.php?rest_route=\/wp\/v2\/pages\/3253"}],"collection":[{"href":"https:\/\/peba.centre-kalachakra.com\/index.php?rest_route=\/wp\/v2\/pages"}],"about":[{"href":"https:\/\/peba.centre-kalachakra.com\/index.php?rest_route=\/wp\/v2\/types\/page"}],"author":[{"embeddable":true,"href":"https:\/\/peba.centre-kalachakra.com\/index.php?rest_route=\/wp\/v2\/users\/5"}],"replies":[{"embeddable":true,"href":"https:\/\/peba.centre-kalachakra.com\/index.php?rest_route=%2Fwp%2Fv2%2Fcomments&post=3253"}],"version-history":[{"count":7,"href":"https:\/\/peba.centre-kalachakra.com\/index.php?rest_route=\/wp\/v2\/pages\/3253\/revisions"}],"predecessor-version":[{"id":3303,"href":"https:\/\/peba.centre-kalachakra.com\/index.php?rest_route=\/wp\/v2\/pages\/3253\/revisions\/3303"}],"up":[{"embeddable":true,"href":"https:\/\/peba.centre-kalachakra.com\/index.php?rest_route=\/wp\/v2\/pages\/2614"}],"wp:attachment":[{"href":"https:\/\/peba.centre-kalachakra.com\/index.php?rest_route=%2Fwp%2Fv2%2Fmedia&parent=3253"}],"curies":[{"name":"wp","href":"https:\/\/api.w.org\/{rel}","templated":true}]}}